{"id":2562,"date":"2024-02-13T17:50:59","date_gmt":"2024-02-13T20:50:59","guid":{"rendered":"https:\/\/www.erzinger.com.br\/?page_id=2562"},"modified":"2024-06-13T14:22:16","modified_gmt":"2024-06-13T17:22:16","slug":"cabinas-de-pintura-22","status":"publish","type":"page","link":"https:\/\/www.erzinger.com.br\/es\/cabinas-de-pintura-22\/","title":{"rendered":"Pol\u00edtica de privacidad de Erzinger"},"content":{"rendered":"\t\t<div data-elementor-type=\"wp-page\" data-elementor-id=\"2562\" class=\"elementor elementor-2562 elementor-2560\" data-elementor-post-type=\"page\">\n\t\t\t\t<div class=\"elementor-element elementor-element-e295545 e-con-full e-flex e-con e-parent\" data-id=\"e295545\" data-element_type=\"container\" data-e-type=\"container\" data-settings=\"{&quot;background_background&quot;:&quot;classic&quot;}\">\n\t\t<div class=\"elementor-element elementor-element-8fba8da e-con-full e-flex e-con e-child\" data-id=\"8fba8da\" data-element_type=\"container\" data-e-type=\"container\" data-settings=\"{&quot;background_background&quot;:&quot;classic&quot;}\">\n\t\t\t\t<div class=\"elementor-element elementor-element-30bd826 elementor-widget elementor-widget-heading\" data-id=\"30bd826\" data-element_type=\"widget\" data-e-type=\"widget\" data-widget_type=\"heading.default\">\n\t\t\t\t<div class=\"elementor-widget-container\">\n\t\t\t\t\t<h2 class=\"elementor-heading-title elementor-size-default\">Pol\u00edtica de privacidad<\/h2>\t\t\t\t<\/div>\n\t\t\t\t<\/div>\n\t\t\t\t<div class=\"elementor-element elementor-element-00c4617 elementor-widget-divider--view-line_text elementor-widget-divider--element-align-left elementor-widget elementor-widget-divider\" data-id=\"00c4617\" data-element_type=\"widget\" data-e-type=\"widget\" data-widget_type=\"divider.default\">\n\t\t\t\t<div class=\"elementor-widget-container\">\n\t\t\t\t\t\t\t<div class=\"elementor-divider\">\n\t\t\t<span class=\"elementor-divider-separator\">\n\t\t\t\t\t\t<\/span>\n\t\t<\/div>\n\t\t\t\t\t\t<\/div>\n\t\t\t\t<\/div>\n\t\t\t\t<\/div>\n\t\t\t\t<\/div>\n\t\t<div class=\"elementor-element elementor-element-85c6654 e-flex e-con-boxed e-con e-parent\" data-id=\"85c6654\" data-element_type=\"container\" data-e-type=\"container\" data-settings=\"{&quot;background_background&quot;:&quot;classic&quot;}\">\n\t\t\t\t\t<div class=\"e-con-inner\">\n\t\t<div class=\"elementor-element elementor-element-5a3e9a4 e-con-full e-flex e-con e-child\" data-id=\"5a3e9a4\" data-element_type=\"container\" data-e-type=\"container\">\n\t\t\t\t<div class=\"elementor-element elementor-element-c827aa2 elementor-widget elementor-widget-heading\" data-id=\"c827aa2\" data-element_type=\"widget\" data-e-type=\"widget\" data-widget_type=\"heading.default\">\n\t\t\t\t<div class=\"elementor-widget-container\">\n\t\t\t\t\t<h2 class=\"elementor-heading-title elementor-size-default\"><b> Pol\u00edtica de privacidad<\/b><\/h2>\t\t\t\t<\/div>\n\t\t\t\t<\/div>\n\t\t\t\t<div class=\"elementor-element elementor-element-0fc9062 elementor-widget-divider--view-line_text elementor-widget-divider--element-align-left elementor-widget elementor-widget-divider\" data-id=\"0fc9062\" data-element_type=\"widget\" data-e-type=\"widget\" data-widget_type=\"divider.default\">\n\t\t\t\t<div class=\"elementor-widget-container\">\n\t\t\t\t\t\t\t<div class=\"elementor-divider\">\n\t\t\t<span class=\"elementor-divider-separator\">\n\t\t\t\t\t\t<\/span>\n\t\t<\/div>\n\t\t\t\t\t\t<\/div>\n\t\t\t\t<\/div>\n\t\t\t\t<div class=\"elementor-element elementor-element-5476ca7 elementor-widget elementor-widget-text-editor\" data-id=\"5476ca7\" data-element_type=\"widget\" data-e-type=\"widget\" data-widget_type=\"text-editor.default\">\n\t\t\t\t<div class=\"elementor-widget-container\">\n\t\t\t\t\t\t\t\t\t<div class=\" vc_custom_1685972828003\">\n<div id=\"text-block-17\" class=\"mk-text-block \">\n<div class=\" vc_custom_1686308279398\">\n<div id=\"text-block-16\" class=\"mk-text-block \">\n<div class=\"clearboth\">\n<div class=\" vc_custom_1685975272038\">\n<div id=\"text-block-33\" class=\"mk-text-block \">\n<p>Su privacidad es importante para nosotros. Es pol\u00edtica de Erzinger respetar su privacidad con respecto a cualquier informaci\u00f3n que podamos recopilar de usted a trav\u00e9s de nuestro sitio web, Erzinger, y otros sitios que poseemos y operamos. <\/p>\n<p>S\u00f3lo solicitamos informaci\u00f3n personal cuando realmente la necesitamos para prestarle un servicio. Lo hacemos por medios justos y legales, con su conocimiento y consentimiento. Tambi\u00e9n le explicamos por qu\u00e9 la recabamos y c\u00f3mo se utilizar\u00e1.  <\/p>\n<p>S\u00f3lo conservamos la informaci\u00f3n recopilada durante el tiempo necesario para prestar el servicio solicitado. Cuando almacenamos datos, los protegemos con medios comercialmente aceptables para evitar p\u00e9rdidas y robos, as\u00ed como el acceso, la divulgaci\u00f3n, la copia, el uso o la modificaci\u00f3n no autorizados. <\/p>\n<p>No compartimos informaci\u00f3n de identificaci\u00f3n personal p\u00fablicamente ni con terceros, excepto cuando lo exige la ley.<\/p>\n<p>Nuestro sitio web puede contener enlaces a sitios web externos no gestionados por nosotros. Por favor, tenga en cuenta que no tenemos control sobre el contenido y las pr\u00e1cticas de estos sitios y no podemos aceptar responsabilidad por sus respectivas pol\u00edticas de privacidad. <\/p>\n<p>Usted es libre de rechazar nuestra solicitud de informaci\u00f3n personal, entendiendo que es posible que no podamos prestarle algunos de los servicios que necesita.<\/p>\n<p>Su uso continuado de nuestro sitio web se considerar\u00e1 una aceptaci\u00f3n de nuestras pr\u00e1cticas en torno a la privacidad y la informaci\u00f3n personal. Si tiene alguna pregunta sobre c\u00f3mo tratamos los datos de los usuarios y la informaci\u00f3n personal, p\u00f3ngase en contacto con nosotros. <\/p>\n<\/div>\n<\/div>\n<\/div>\n<\/div>\n<\/div>\n<\/div>\n<\/div>\n\t\t\t\t\t\t\t\t<\/div>\n\t\t\t\t<\/div>\n\t\t\t\t<\/div>\n\t\t\t\t\t<\/div>\n\t\t\t\t<\/div>\n\t\t<div class=\"elementor-element elementor-element-901c497 e-flex e-con-boxed e-con e-parent\" data-id=\"901c497\" data-element_type=\"container\" data-e-type=\"container\" data-settings=\"{&quot;background_background&quot;:&quot;classic&quot;}\">\n\t\t\t\t\t<div class=\"e-con-inner\">\n\t\t<div class=\"elementor-element elementor-element-b606a7a e-con-full e-flex e-con e-child\" data-id=\"b606a7a\" data-element_type=\"container\" data-e-type=\"container\">\n\t\t\t\t<div class=\"elementor-element elementor-element-1535d86 elementor-widget elementor-widget-heading\" data-id=\"1535d86\" data-element_type=\"widget\" data-e-type=\"widget\" data-widget_type=\"heading.default\">\n\t\t\t\t<div class=\"elementor-widget-container\">\n\t\t\t\t\t<h2 class=\"elementor-heading-title elementor-size-default\"><b>Pol\u00edtica de Cookies<\/b><\/h2>\t\t\t\t<\/div>\n\t\t\t\t<\/div>\n\t\t\t\t<div class=\"elementor-element elementor-element-dacd6af elementor-widget-divider--view-line_text elementor-widget-divider--element-align-left elementor-widget elementor-widget-divider\" data-id=\"dacd6af\" data-element_type=\"widget\" data-e-type=\"widget\" data-widget_type=\"divider.default\">\n\t\t\t\t<div class=\"elementor-widget-container\">\n\t\t\t\t\t\t\t<div class=\"elementor-divider\">\n\t\t\t<span class=\"elementor-divider-separator\">\n\t\t\t\t\t\t<\/span>\n\t\t<\/div>\n\t\t\t\t\t\t<\/div>\n\t\t\t\t<\/div>\n\t\t\t\t<div class=\"elementor-element elementor-element-be0d8ee elementor-widget elementor-widget-text-editor\" data-id=\"be0d8ee\" data-element_type=\"widget\" data-e-type=\"widget\" data-widget_type=\"text-editor.default\">\n\t\t\t\t<div class=\"elementor-widget-container\">\n\t\t\t\t\t\t\t\t\t<div class=\" vc_custom_1685972828003\">\n<div id=\"text-block-17\" class=\"mk-text-block \">\n<div class=\" vc_custom_1686308279398\">\n<div id=\"text-block-16\" class=\"mk-text-block \">\n<div class=\"clearboth\">\n<div class=\" vc_custom_1685975272038\">\n<div id=\"text-block-33\" class=\"mk-text-block \">\n<h3>\u00bfQu\u00e9 son las cookies?<\/h3>\n<p>Como es pr\u00e1ctica habitual en casi todos los sitios web profesionales, este sitio utiliza cookies, que son peque\u00f1os archivos que se descargan en su ordenador para mejorar su experiencia. Esta p\u00e1gina describe qu\u00e9 informaci\u00f3n recogen, c\u00f3mo la utilizamos y por qu\u00e9 a veces necesitamos almacenar estas cookies. Tambi\u00e9n le explicaremos c\u00f3mo puede evitar que se almacenen estas cookies, aunque esto puede degradar o \u00abromper\u00bb ciertos elementos de la funcionalidad del sitio.  <\/p>\n<h3>\u00bfC\u00f3mo utilizamos las cookies?<\/h3>\n<p>Utilizamos cookies por varias razones, que se detallan a continuaci\u00f3n. Lamentablemente, en la mayor\u00eda de los casos, no existen opciones est\u00e1ndar en la industria para desactivar las cookies sin desactivar por completo la funcionalidad y las caracter\u00edsticas que a\u00f1aden a este sitio web. Se recomienda que abandone todas las cookies si no est\u00e1 seguro de si las necesita o no en caso de que se utilicen para prestar un servicio que usted utilice.  <\/p>\n<h3>Desativar cookies<\/h3>\n<p>Puede evitar la instalaci\u00f3n de cookies ajustando la configuraci\u00f3n de su navegador (consulte la Ayuda de su navegador para saber c\u00f3mo hacerlo). Tenga en cuenta que deshabilitar las cookies afectar\u00e1 a la funcionalidad de este sitio web y de muchos otros que visite. Por lo general, la desactivaci\u00f3n de las cookies conllevar\u00e1 la desactivaci\u00f3n de determinadas funciones y caracter\u00edsticas de este sitio web. Por lo tanto, le recomendamos que no desactive las cookies.   <\/p>\n<h3>Cookies que instalamos<\/h3>\n<ul>\n<li>Cookies relacionadas con la cuenta<br \/>Si crea una cuenta con nosotros, utilizaremos cookies para la gesti\u00f3n del proceso de inscripci\u00f3n y la administraci\u00f3n general. Por lo general, estas cookies se borrar\u00e1n cuando cierre la sesi\u00f3n, pero en algunos casos pueden permanecer despu\u00e9s para recordar sus preferencias en el sitio cuando lo abandone. <\/li>\n<li>Cookies relacionados con el login<br \/>Utilizamos cookies cuando inicia sesi\u00f3n para poder recordar esa acci\u00f3n. Esto evita que tenga que iniciar sesi\u00f3n cada vez que visita una nueva p\u00e1gina. Estas cookies suelen eliminarse o borrarse al cerrar la sesi\u00f3n para garantizar que solo pueda acceder a las funciones y \u00e1reas restringidas cuando inicie sesi\u00f3n.  <\/li>\n<li>Cookies relacionadas con boletines por correo electr\u00f3nico<br \/>Este sitio ofrece servicios de suscripci\u00f3n a boletines o correos electr\u00f3nicos y las cookies pueden utilizarse para recordar si ya est\u00e1 registrado y para mostrar determinadas notificaciones v\u00e1lidas s\u00f3lo para usuarios suscritos\/no suscritos.<\/li>\n<li>Cookies relacionadas con la tramitaci\u00f3n de solicitudes<br \/>Este sitio web ofrece facilidades de comercio electr\u00f3nico o de pago y algunas cookies son esenciales para garantizar que su pedido sea recordado entre p\u00e1ginas para que podamos procesarlo correctamente.<\/li>\n<li>Cookies de b\u00fasqueda<br \/>Peri\u00f3dicamente ofrecemos encuestas y cuestionarios para proporcionar informaci\u00f3n interesante, herramientas \u00fatiles o para comprender mejor nuestra base de usuarios. Estas encuestas pueden utilizar cookies para recordar qui\u00e9n ha participado ya en una encuesta o para ofrecer resultados precisos tras cambiar de p\u00e1gina. <\/li>\n<li>Cookies de formulario<br \/>Cuando se env\u00edan datos a trav\u00e9s de un formulario, como los que se encuentran en las p\u00e1ginas de contacto o en los formularios de comentarios, se pueden instalar cookies para recordar los datos del usuario para futuras correspondencias.<\/li>\n<li>Cookies de preferencias del sitio<br \/>Para ofrecerle una experiencia excelente en este sitio, le ofrecemos la posibilidad de establecer sus preferencias sobre el funcionamiento del mismo cuando lo utilice. Para recordar sus preferencias, necesitamos instalar cookies de modo que esta informaci\u00f3n pueda ser consultada cada vez que interact\u00fae con una p\u00e1gina afectada por sus preferencias. <\/li>\n<\/ul>\n<h3>Cookies de terceros<\/h3>\n<p>En algunos casos especiales, tambi\u00e9n utilizamos cookies proporcionadas por terceros de confianza. En la siguiente secci\u00f3n se detalla qu\u00e9 cookies de terceros puede encontrar a trav\u00e9s de este sitio web. <\/p>\n<ul>\n<li>Este sitio utiliza Google Analytics, que es una de las soluciones de an\u00e1lisis m\u00e1s extendidas y fiables de la web, para ayudarnos a comprender c\u00f3mo utiliza el sitio y c\u00f3mo podemos mejorar su experiencia. Estas cookies pueden rastrear aspectos como el tiempo que pasas en el sitio y las p\u00e1ginas que visitas, para que podamos seguir produciendo contenidos atractivos. <\/li>\n<\/ul>\n<p>Para obtener m\u00e1s informaci\u00f3n sobre las cookies de Google Analytics, consulte la p\u00e1gina oficial de Google Analytics.<\/p>\n<ul>\n<li>Los an\u00e1lisis de terceros se utilizan para rastrear y medir el uso de este sitio web, de modo que podamos seguir produciendo contenidos atractivos. Estas cookies pueden rastrear elementos como el tiempo que pasa en el sitio o las p\u00e1ginas que visita, lo que nos ayuda a entender c\u00f3mo podemos mejorar el sitio para usted. <\/li>\n<li>Peri\u00f3dicamente probamos nuevas funciones y hacemos cambios sutiles en el aspecto del sitio. Cuando a\u00fan estamos probando nuevas funciones, estas cookies pueden utilizarse para garantizar que usted recibe una experiencia coherente mientras est\u00e1 en el sitio, al tiempo que comprendemos qu\u00e9 optimizaciones aprecian m\u00e1s nuestros usuarios. <\/li>\n<li>Como vendemos productos, es importante para nosotros conocer las estad\u00edsticas sobre cu\u00e1ntos visitantes de nuestro sitio compran realmente, y este es el tipo de datos que rastrear\u00e1n estas cookies. Esto es importante para usted, ya que significa que podemos hacer previsiones comerciales precisas que nos permiten analizar nuestros costes de publicidad y productos para garantizar el mejor precio posible. <\/li>\n<\/ul>\n<\/div>\n<\/div>\n<\/div>\n<\/div>\n<\/div>\n<\/div>\n<\/div>\n\t\t\t\t\t\t\t\t<\/div>\n\t\t\t\t<\/div>\n\t\t\t\t<\/div>\n\t\t\t\t\t<\/div>\n\t\t\t\t<\/div>\n\t\t\t\t<\/div>\n\t\t","protected":false},"excerpt":{"rendered":"<p>Pol\u00edtica de privacidad Pol\u00edtica de privacidad Su privacidad es importante para nosotros. Es pol\u00edtica de Erzinger respetar su privacidad con respecto a cualquier informaci\u00f3n que podamos recopilar de usted a trav\u00e9s de nuestro sitio web, Erzinger, y otros sitios que poseemos y operamos. S\u00f3lo solicitamos informaci\u00f3n personal cuando realmente la necesitamos para prestarle un servicio. [&hellip;]<\/p>\n","protected":false},"author":1,"featured_media":0,"parent":0,"menu_order":0,"comment_status":"closed","ping_status":"closed","template":"","meta":{"footnotes":""},"class_list":["post-2562","page","type-page","status-publish","hentry"],"yoast_head":"<!-- This site is optimized with the Yoast SEO plugin v27.2 - https:\/\/yoast.com\/product\/yoast-seo-wordpress\/ -->\n<title>Pol\u00edtica de privacidad de Erzinger - Erzinger - Tecnologias em Equipamentos de Pintura<\/title>\n<meta name=\"robots\" content=\"index, follow, max-snippet:-1, max-image-preview:large, max-video-preview:-1\" \/>\n<link rel=\"canonical\" href=\"https:\/\/www.erzinger.com.br\/politica-de-privacidade-erzinger\/\" \/>\n<meta property=\"og:locale\" content=\"es_ES\" \/>\n<meta property=\"og:type\" content=\"article\" \/>\n<meta property=\"og:title\" content=\"Pol\u00edtica de privacidad de Erzinger - Erzinger - Tecnologias em Equipamentos de Pintura\" \/>\n<meta property=\"og:description\" content=\"Pol\u00edtica de privacidad Pol\u00edtica de privacidad Su privacidad es importante para nosotros. Es pol\u00edtica de Erzinger respetar su privacidad con respecto a cualquier informaci\u00f3n que podamos recopilar de usted a trav\u00e9s de nuestro sitio web, Erzinger, y otros sitios que poseemos y operamos. S\u00f3lo solicitamos informaci\u00f3n personal cuando realmente la necesitamos para prestarle un servicio. [&hellip;]\" \/>\n<meta property=\"og:url\" content=\"https:\/\/www.erzinger.com.br\/politica-de-privacidade-erzinger\/\" \/>\n<meta property=\"og:site_name\" content=\"Erzinger - Tecnologias em Equipamentos de Pintura\" \/>\n<meta property=\"article:publisher\" content=\"https:\/\/www.facebook.com\/ERZINGER-Solues-em-Equipamentos-de-Pintura-133390766737750\/\" \/>\n<meta property=\"article:modified_time\" content=\"2024-06-13T17:22:16+00:00\" \/>\n<meta property=\"og:image\" content=\"https:\/\/www.erzinger.com.br\/wp-content\/uploads\/2024\/02\/erzinger-fabrica-atual.jpg\" \/>\n\t<meta property=\"og:image:width\" content=\"1920\" \/>\n\t<meta property=\"og:image:height\" content=\"1080\" \/>\n\t<meta property=\"og:image:type\" content=\"image\/jpeg\" \/>\n<meta name=\"twitter:card\" content=\"summary_large_image\" \/>\n<meta name=\"twitter:label1\" content=\"Tiempo de lectura\" \/>\n\t<meta name=\"twitter:data1\" content=\"6 minutos\" \/>\n<script type=\"application\/ld+json\" class=\"yoast-schema-graph\">{\"@context\":\"https:\/\/schema.org\",\"@graph\":[{\"@type\":\"WebPage\",\"@id\":\"https:\/\/www.erzinger.com.br\/politica-de-privacidade-erzinger\/\",\"url\":\"https:\/\/www.erzinger.com.br\/politica-de-privacidade-erzinger\/\",\"name\":\"Pol\u00edtica de privacidad de Erzinger - Erzinger - Tecnologias em Equipamentos de Pintura\",\"isPartOf\":{\"@id\":\"https:\/\/www.erzinger.com.br\/#website\"},\"datePublished\":\"2024-02-13T20:50:59+00:00\",\"dateModified\":\"2024-06-13T17:22:16+00:00\",\"breadcrumb\":{\"@id\":\"https:\/\/www.erzinger.com.br\/politica-de-privacidade-erzinger\/#breadcrumb\"},\"inLanguage\":\"es\",\"potentialAction\":[{\"@type\":\"ReadAction\",\"target\":[\"https:\/\/www.erzinger.com.br\/politica-de-privacidade-erzinger\/\"]}]},{\"@type\":\"BreadcrumbList\",\"@id\":\"https:\/\/www.erzinger.com.br\/politica-de-privacidade-erzinger\/#breadcrumb\",\"itemListElement\":[{\"@type\":\"ListItem\",\"position\":1,\"name\":\"In\u00edcio\",\"item\":\"https:\/\/www.erzinger.com.br\/\"},{\"@type\":\"ListItem\",\"position\":2,\"name\":\"Pol\u00edtica de privacidad de Erzinger\"}]},{\"@type\":\"WebSite\",\"@id\":\"https:\/\/www.erzinger.com.br\/#website\",\"url\":\"https:\/\/www.erzinger.com.br\/\",\"name\":\"Erzinger - Tecnologias em Equipamentos de Pintura\",\"description\":\"Erzinger - Tecnologias em Equipamentos de Pintura\",\"publisher\":{\"@id\":\"https:\/\/www.erzinger.com.br\/#organization\"},\"alternateName\":\"Erzinger - Tecnologias em Equipamentos de Pintura\",\"potentialAction\":[{\"@type\":\"SearchAction\",\"target\":{\"@type\":\"EntryPoint\",\"urlTemplate\":\"https:\/\/www.erzinger.com.br\/?s={search_term_string}\"},\"query-input\":{\"@type\":\"PropertyValueSpecification\",\"valueRequired\":true,\"valueName\":\"search_term_string\"}}],\"inLanguage\":\"es\"},{\"@type\":\"Organization\",\"@id\":\"https:\/\/www.erzinger.com.br\/#organization\",\"name\":\"Erzinger - Tecnologias em Equipamentos de Pintura\",\"alternateName\":\"Erzinger - Tecnologias em Equipamentos de Pintura\",\"url\":\"https:\/\/www.erzinger.com.br\/\",\"logo\":{\"@type\":\"ImageObject\",\"inLanguage\":\"es\",\"@id\":\"https:\/\/www.erzinger.com.br\/#\/schema\/logo\/image\/\",\"url\":\"https:\/\/www.erzinger.com.br\/wp-content\/uploads\/2024\/01\/logo-erzinger-294x180px.png\",\"contentUrl\":\"https:\/\/www.erzinger.com.br\/wp-content\/uploads\/2024\/01\/logo-erzinger-294x180px.png\",\"width\":294,\"height\":180,\"caption\":\"Erzinger - Tecnologias em Equipamentos de Pintura\"},\"image\":{\"@id\":\"https:\/\/www.erzinger.com.br\/#\/schema\/logo\/image\/\"},\"sameAs\":[\"https:\/\/www.facebook.com\/ERZINGER-Solues-em-Equipamentos-de-Pintura-133390766737750\/\"]}]}<\/script>\n<!-- \/ Yoast SEO plugin. -->","yoast_head_json":{"title":"Pol\u00edtica de privacidad de Erzinger - Erzinger - Tecnologias em Equipamentos de Pintura","robots":{"index":"index","follow":"follow","max-snippet":"max-snippet:-1","max-image-preview":"max-image-preview:large","max-video-preview":"max-video-preview:-1"},"canonical":"https:\/\/www.erzinger.com.br\/politica-de-privacidade-erzinger\/","og_locale":"es_ES","og_type":"article","og_title":"Pol\u00edtica de privacidad de Erzinger - Erzinger - Tecnologias em Equipamentos de Pintura","og_description":"Pol\u00edtica de privacidad Pol\u00edtica de privacidad Su privacidad es importante para nosotros. Es pol\u00edtica de Erzinger respetar su privacidad con respecto a cualquier informaci\u00f3n que podamos recopilar de usted a trav\u00e9s de nuestro sitio web, Erzinger, y otros sitios que poseemos y operamos. S\u00f3lo solicitamos informaci\u00f3n personal cuando realmente la necesitamos para prestarle un servicio. [&hellip;]","og_url":"https:\/\/www.erzinger.com.br\/politica-de-privacidade-erzinger\/","og_site_name":"Erzinger - Tecnologias em Equipamentos de Pintura","article_publisher":"https:\/\/www.facebook.com\/ERZINGER-Solues-em-Equipamentos-de-Pintura-133390766737750\/","article_modified_time":"2024-06-13T17:22:16+00:00","og_image":[{"width":1920,"height":1080,"url":"https:\/\/www.erzinger.com.br\/wp-content\/uploads\/2024\/02\/erzinger-fabrica-atual.jpg","type":"image\/jpeg"}],"twitter_card":"summary_large_image","twitter_misc":{"Tiempo de lectura":"6 minutos"},"schema":{"@context":"https:\/\/schema.org","@graph":[{"@type":"WebPage","@id":"https:\/\/www.erzinger.com.br\/politica-de-privacidade-erzinger\/","url":"https:\/\/www.erzinger.com.br\/politica-de-privacidade-erzinger\/","name":"Pol\u00edtica de privacidad de Erzinger - Erzinger - Tecnologias em Equipamentos de Pintura","isPartOf":{"@id":"https:\/\/www.erzinger.com.br\/#website"},"datePublished":"2024-02-13T20:50:59+00:00","dateModified":"2024-06-13T17:22:16+00:00","breadcrumb":{"@id":"https:\/\/www.erzinger.com.br\/politica-de-privacidade-erzinger\/#breadcrumb"},"inLanguage":"es","potentialAction":[{"@type":"ReadAction","target":["https:\/\/www.erzinger.com.br\/politica-de-privacidade-erzinger\/"]}]},{"@type":"BreadcrumbList","@id":"https:\/\/www.erzinger.com.br\/politica-de-privacidade-erzinger\/#breadcrumb","itemListElement":[{"@type":"ListItem","position":1,"name":"In\u00edcio","item":"https:\/\/www.erzinger.com.br\/"},{"@type":"ListItem","position":2,"name":"Pol\u00edtica de privacidad de Erzinger"}]},{"@type":"WebSite","@id":"https:\/\/www.erzinger.com.br\/#website","url":"https:\/\/www.erzinger.com.br\/","name":"Erzinger - Tecnologias em Equipamentos de Pintura","description":"Erzinger - Tecnologias em Equipamentos de Pintura","publisher":{"@id":"https:\/\/www.erzinger.com.br\/#organization"},"alternateName":"Erzinger - Tecnologias em Equipamentos de Pintura","potentialAction":[{"@type":"SearchAction","target":{"@type":"EntryPoint","urlTemplate":"https:\/\/www.erzinger.com.br\/?s={search_term_string}"},"query-input":{"@type":"PropertyValueSpecification","valueRequired":true,"valueName":"search_term_string"}}],"inLanguage":"es"},{"@type":"Organization","@id":"https:\/\/www.erzinger.com.br\/#organization","name":"Erzinger - Tecnologias em Equipamentos de Pintura","alternateName":"Erzinger - Tecnologias em Equipamentos de Pintura","url":"https:\/\/www.erzinger.com.br\/","logo":{"@type":"ImageObject","inLanguage":"es","@id":"https:\/\/www.erzinger.com.br\/#\/schema\/logo\/image\/","url":"https:\/\/www.erzinger.com.br\/wp-content\/uploads\/2024\/01\/logo-erzinger-294x180px.png","contentUrl":"https:\/\/www.erzinger.com.br\/wp-content\/uploads\/2024\/01\/logo-erzinger-294x180px.png","width":294,"height":180,"caption":"Erzinger - Tecnologias em Equipamentos de Pintura"},"image":{"@id":"https:\/\/www.erzinger.com.br\/#\/schema\/logo\/image\/"},"sameAs":["https:\/\/www.facebook.com\/ERZINGER-Solues-em-Equipamentos-de-Pintura-133390766737750\/"]}]}},"_links":{"self":[{"href":"https:\/\/www.erzinger.com.br\/es\/wp-json\/wp\/v2\/pages\/2562","targetHints":{"allow":["GET"]}}],"collection":[{"href":"https:\/\/www.erzinger.com.br\/es\/wp-json\/wp\/v2\/pages"}],"about":[{"href":"https:\/\/www.erzinger.com.br\/es\/wp-json\/wp\/v2\/types\/page"}],"author":[{"embeddable":true,"href":"https:\/\/www.erzinger.com.br\/es\/wp-json\/wp\/v2\/users\/1"}],"replies":[{"embeddable":true,"href":"https:\/\/www.erzinger.com.br\/es\/wp-json\/wp\/v2\/comments?post=2562"}],"version-history":[{"count":0,"href":"https:\/\/www.erzinger.com.br\/es\/wp-json\/wp\/v2\/pages\/2562\/revisions"}],"wp:attachment":[{"href":"https:\/\/www.erzinger.com.br\/es\/wp-json\/wp\/v2\/media?parent=2562"}],"curies":[{"name":"wp","href":"https:\/\/api.w.org\/{rel}","templated":true}]}}